{"id":1726,"date":"2024-08-23T10:25:53","date_gmt":"2024-08-23T08:25:53","guid":{"rendered":"https:\/\/ferienwohnung-oberrueti.ch\/general-terms-and-conditions\/"},"modified":"2024-09-13T14:36:06","modified_gmt":"2024-09-13T12:36:06","slug":"general-terms-and-conditions","status":"publish","type":"page","link":"https:\/\/ferienwohnung-oberrueti.ch\/en\/general-terms-and-conditions\/","title":{"rendered":"General Terms and Conditions"},"content":{"rendered":"<div class=\"fusion-fullwidth fullwidth-box fusion-builder-row-1 fusion-flex-container nonhundred-percent-fullwidth non-hundred-percent-height-scrolling\" style=\"--awb-border-radius-top-left:0px;--awb-border-radius-top-right:0px;--awb-border-radius-bottom-right:0px;--awb-border-radius-bottom-left:0px;--awb-flex-wrap:wrap;\" ><div class=\"fusion-builder-row fusion-row fusion-flex-align-items-flex-start fusion-flex-content-wrap\" style=\"max-width:1248px;margin-left: calc(-4% \/ 2 );margin-right: calc(-4% \/ 2 );\"><div class=\"fusion-layout-column fusion_builder_column fusion-builder-column-0 fusion_builder_column_1_1 1_1 fusion-flex-column\" style=\"--awb-bg-size:cover;--awb-width-large:100%;--awb-margin-top-large:0px;--awb-spacing-right-large:1.92%;--awb-margin-bottom-large:0px;--awb-spacing-left-large:1.92%;--awb-width-medium:100%;--awb-spacing-right-medium:1.92%;--awb-spacing-left-medium:1.92%;--awb-width-small:100%;--awb-spacing-right-small:1.92%;--awb-spacing-left-small:1.92%;\"><div class=\"fusion-column-wrapper fusion-flex-justify-content-flex-start fusion-content-layout-column\"><div class=\"fusion-title title fusion-title-1 fusion-sep-none fusion-title-text fusion-title-size-one\"><h1 class=\"fusion-title-heading title-heading-left\" style=\"margin:0;\"><strong>General Terms and Conditions (AGB)<\/strong><\/h1><\/div><div class=\"fusion-text fusion-text-1\"><p><strong>General Terms and Conditions (GTC) for vacation apartments<\/strong><\/p>\n<p><strong> <\/strong><\/p>\n<p><strong>Table of contents<\/strong><\/p>\n<ul>\n<li><strong>  1 Definitions<\/strong><\/li>\n<li><strong>  2 Booking\/booking confirmation<\/strong><\/li>\n<li><strong>  3 Terms of payment<\/strong><\/li>\n<li><strong>  4 Arrival and departure<\/strong><\/li>\n<li><strong>  5 Holiday apartment<\/strong><\/li>\n<li><strong>  6 Pets<\/strong><\/li>\n<li><strong>  7 Stay<\/strong><\/li>\n<li><strong>  8 Trip cancellation<\/strong><\/li>\n<li><strong>  9 Withdrawal by the landlord<\/strong><\/li>\n<li><strong>  10 Liability of the landlord<\/strong><\/li>\n<li><strong>  11 Permission to use Internet access via WLAN<\/strong><\/li>\n<li><strong>  11.1 Access data<\/strong><\/li>\n<li><strong>  11.2 Dangers of WLAN use, limitation of liability<\/strong><\/li>\n<li><strong>  12 House rules, general rights and obligations<\/strong><\/li>\n<li><strong>  13 Place of jurisdiction<\/strong><\/li>\n<\/ul>\n<p><strong> <\/strong><\/p>\n<p><strong> <\/strong><\/p>\n<p><strong>Validity of the GTC<\/strong><\/p>\n<ul>\n<li>These General Terms and Conditions apply as a contract for the rental of the vacation apartment in Oberr\u00fcti for accommodation as well as all other services and deliveries provided to the guest by the K\u00f6ppel family.<br \/>\nThe services of the K\u00f6ppel family are provided exclusively on the basis of these General Terms and Conditions. <\/li>\n<\/ul>\n<ul>\n<li>The subletting or re-letting of the rented vacation apartment is not permitted.<\/li>\n<\/ul>\n<ul>\n<li>The guest&#8217;s terms and conditions shall only apply if these have been agreed in advance.<br \/>\nDeviations from these terms and conditions are only effective if this has been expressly confirmed in writing. <\/li>\n<\/ul>\n<ul>\n<li><strong>  1 Definitions<\/strong><\/li>\n<li>The term &#8220;Oberr\u00fcti vacation apartment&#8221; refers to the granny apartment in the single-family house of the K\u00f6ppel family, address: Rebenweg 20, 5647 Oberr\u00fcti, Switzerland.<br \/>\nThe owner of the vacation apartment is the K\u00f6ppel family. <\/li>\n<\/ul>\n<ul>\n<li>The term &#8220;K\u00f6ppel family&#8221;, &#8220;we&#8221;, &#8220;us&#8221; or &#8220;our&#8221; refers to the owners of the Oberr\u00fcti vacation apartment: Anne-Sophie and Edoardo K\u00f6ppel, residing at Rebenweg 20, 5647 Oberr\u00fcti, Switzerland.<\/li>\n<\/ul>\n<ul>\n<li><strong>  2 Booking\/booking confirmation<\/strong><\/li>\n<li>All booking inquiries must be made via our website <a href=\"http:\/\/www.ferienwohnung-oberrueti.ch\">ferienwohnung-oberrueti.ch<\/a><u>,<\/u> by e-mail <a href=\"mailto:info@ferienwohnung-oberrueti.ch\">info@ferienwohnung-oberrueti.ch<\/a> or by telephone on +41 76 244 50 28.<br \/>\nAll requests made via any other method will not be considered. <\/li>\n<\/ul>\n<ul>\n<li>If we can offer you the apartment in your desired period, we will send you a written confirmation by e-mail.<br \/>\nYour booking is legally binding upon receipt of the booking confirmation. <\/li>\n<\/ul>\n<ul>\n<li><strong>  3 Terms of payment<\/strong><\/li>\n<li>Payment is usually made when booking on our homepage using our payment tool.<br \/>\nIn exceptional cases, we will authorize payment on arrival or we will issue an invoice.<br \/>\nIf the payment deadlines are not met, we can withdraw from the contract.<br \/>\nNon-payment is deemed to be a withdrawal and entitles you to re-let.   <\/li>\n<li>Additional costs for water, heating, parking space, electricity, WLAN and waste disposal are included in the rental price and are therefore not charged additionally.<\/li>\n<\/ul>\n<ul>\n<li><strong>  4 Arrival and departure<\/strong><\/li>\n<li>The apartment is available from 14:00 on the day of arrival.<br \/>\nThe guest will receive information about the handover of keys by e-mail 5 days before arrival.<br \/>\nClaims for damages cannot be asserted if the vacation apartment cannot be occupied punctually at 2 p.m. as an exception.  <\/li>\n<\/ul>\n<ul>\n<li>On the day of departure, the apartment must be vacated by 10:00 am.<br \/>\nIf the guest wishes to leave late, this should be agreed with us in advance.<br \/>\nA late departure without prior agreement will be charged.  <\/li>\n<\/ul>\n<ul>\n<li>If the guest does not show up by 23:30 on the day of arrival without prior notification, the contract shall be deemed terminated after a period of 24 hours without notification to Ferienwohnung Oberr\u00fcti.<br \/>\nFerienwohnung Oberr\u00fcti or the K\u00f6ppel family can then freely dispose of the property.<br \/>\nA (pro rata) refund of the rent due to early departure will not be made.  <\/li>\n<\/ul>\n<ul>\n<li>The apartment must be left swept clean on the day of departure.<br \/>\nThe dishes, glasses, etc. must be cleaned and put away and the refrigerator should be emptied.<br \/>\nIf the apartment is left in a disproportionately dirty and messy condition, you may be charged for this.  <\/li>\n<\/ul>\n<ul>\n<li><strong>  5 Holiday apartment<\/strong><\/li>\n<li>The apartment will be handed over by us in a clean and tidy condition with a complete inventory.<br \/>\nShould you notice any major defects during your stay, the guest is obliged to inform the K\u00f6ppel family immediately.<br \/>\nThe guest is liable for any damage caused to the rented property, the inventory, e.g. broken crockery, damage to the floor or furniture.<br \/>\nThis also includes the costs for lost keys.   <\/li>\n<\/ul>\n<ul>\n<li>The inventory is to be treated with care and is only intended for use in the vacation apartments.<br \/>\nMoving furnishings, in particular beds, is prohibited.<br \/>\nThe guest is also liable for the fault of fellow travelers.<br \/>\nDamage caused by force majeure is excluded from this.<br \/>\nIf the vacation apartment is used in breach of contract, such as subletting, overcrowding, disturbance of the peace, etc., the contract can be terminated without notice and the guest must leave the vacation apartment.<br \/>\nThe rent already paid remains with the K\u00f6ppel family.     <\/li>\n<\/ul>\n<ul>\n<li><strong>  6 Pets<\/strong><\/li>\n<li>Pets of any kind are not permitted in the vacation apartment.<\/li>\n<\/ul>\n<ul>\n<li><strong>  7 Stay<\/strong><\/li>\n<li>The apartment may only be used by the persons listed in the booking.<br \/>\nIf the apartment is used by more persons than agreed, a separate fee of CHF 100 per person\/per night must be paid.<br \/>\nIn this case, the K\u00f6ppel family also has the right to terminate the contract without notice.  <\/li>\n<\/ul>\n<ul>\n<li>Subletting and transfer of the apartment to third parties is not permitted.<br \/>\nThe guest agrees to the general terms and conditions as well as the house rules of the apartments.<br \/>\nThe declaration of consent is made with the payment.  <\/li>\n<\/ul>\n<ul>\n<li>The K\u00f6ppel family is entitled to terminate the tenancy immediately and without notice in the event of breaches of the GTCs or the house rules.<br \/>\nThere is no legal entitlement to repayment of the rent or compensation. <\/li>\n<\/ul>\n<ul>\n<li><strong>  8 Trip cancellation<\/strong><\/li>\n<li>In the event of cancellation, the guest is obliged to pay part of the agreed price as compensation.<br \/>\nCancellation must be made in writing.<br \/>\nThe amount of compensation depends on the time until the day of arrival and is calculated as follows:  <\/li>\n<li>Cancellation is possible free of charge at least 14 days before arrival<\/li>\n<li>from 13 days to 8 days before the day of arrival 50 % of the confirmed total price<\/li>\n<li>from 7 days to the day of arrival 100 % of the confirmed total price<\/li>\n<li>100 % of the agreed total price in the event of no-show<\/li>\n<\/ul>\n<ul>\n<li><strong>  9 Withdrawal by the landlord<\/strong><\/li>\n<li>In the event of cancellation on our part, as a result of force majeure or other unforeseeable circumstances (such as accident or illness of the host) as well as other circumstances for which we are not responsible and which make fulfillment impossible, liability is limited to the reimbursement of costs.<br \/>\nIn the event of justified withdrawal, the customer is not entitled to compensation &#8211; no liability is assumed for travel and hotel costs. <\/li>\n<\/ul>\n<ul>\n<li>The K\u00f6ppel family may withdraw from the contract after the start of the rental period without notice.<\/li>\n<\/ul>\n<ul>\n<li><strong>  10 Liability of the landlord<\/strong><\/li>\n<li>The K\u00f6ppel family is liable for the proper provision of the rental property within the scope of its duty of care.<br \/>\nLiability for any breakdowns or faults in the water or electricity supply, as well as events and consequences due to force majeure, are hereby excluded. <\/li>\n<\/ul>\n<ul>\n<li><strong>  11 Permission to use Internet access via WLAN<\/strong><\/li>\n<li>The K\u00f6ppel family maintains Internet access via WLAN in their vacation apartment.<br \/>\nThey allow the guest to share use of the WLAN access to the Internet for the duration of their stay in the vacation property.<br \/>\nThe tenant does not have the right to allow third parties to use the WLAN.  <\/li>\n<\/ul>\n<ul>\n<li>The K\u00f6ppel family does not guarantee the actual availability, suitability or reliability of the Internet access for any purpose.<br \/>\nIt is entitled at any time to allow other co-users to operate the WLAN in whole, in part or temporarily and to restrict or exclude the tenant&#8217;s access in whole, in part or temporarily if the connection is or has been used in violation of the law, insofar as the K\u00f6ppel family must fear a claim for this reason and cannot prevent this with normal and reasonable effort within a reasonable period of time.<br \/>\nIn particular, the K\u00f6ppel family reserves the right to block access to certain sites or services via the WLAN (e.g. sites that glorify violence, pornographic or fee-based sites) at its reasonable discretion and at any time.  <\/li>\n<\/ul>\n<ul>\n<li><strong>  11.1 Access data<\/strong><\/li>\n<li>Use of the WLAN is secured by means of access protection.<br \/>\nThe access data (login and password or QR code) may not be passed on to third parties under any circumstances. <\/li>\n<\/ul>\n<ul>\n<li>If the guest wishes to grant third parties access to the Internet via the WLAN, this is subject to our prior written consent and the third party&#8217;s acceptance of the provisions of this user agreement, documented by signature and full identification.<\/li>\n<\/ul>\n<ul>\n<li>The guest undertakes to keep his access data secret.<\/li>\n<\/ul>\n<ul>\n<li>The K\u00f6ppel family has the right to change access codes at any time.  <\/li>\n<li><strong>  11.2 Dangers of WLAN use, limitation of liability<\/strong><\/li>\n<li>The guest is informed that the WLAN only allows access to the Internet, virus protection and firewall are not available.<\/li>\n<\/ul>\n<ul>\n<li>The data traffic generated using the WLAN is unencrypted.<br \/>\nThe data may therefore be viewed by third parties. <\/li>\n<\/ul>\n<ul>\n<li>The K\u00f6ppel family expressly points out that there is a risk that malware (e.g. viruses, Trojans, worms, etc.) can get onto the end device when using the WLAN.<br \/>\nUse of the WLAN is at the guest&#8217;s own risk. <\/li>\n<\/ul>\n<ul>\n<li>We accept no liability for damage to the tenant&#8217;s digital media caused by the use of Internet access, unless the damage was caused by us and\/or our vicarious agents intentionally or through gross negligence.<\/li>\n<\/ul>\n<ul>\n<li><strong>  12 House rules, general rights and obligations<\/strong><\/li>\n<li>The guest is obliged to comply with the house rules.<br \/>\nFrom 22:00 to 07:00 the night&#8217;s rest applies.<br \/>\nTo avoid disturbance, conversations, TV and audio equipment must be set to room volume.  <\/li>\n<\/ul>\n<ul>\n<li>For the duration of the rental of the vacation apartment, the guest is obliged to keep windows (except tilted) and doors closed when leaving the vacation apartment.  <\/li>\n<li>There is a general smoking ban in the apartment.<br \/>\nIn the event of non-compliance, you may be charged a cleaning fee of up to CHF 500.00.<br \/>\nSmoking is only permitted on the terrace.    <\/li>\n<li>Our own parking lot offers 1 parking space.<br \/>\nAdditional vehicles can be parked in the side streets of the residential area (visitor parking) at your own risk.<br \/>\nPlease make sure that no vehicles obstruct the exit from our double garage.    <\/li>\n<li>The installation and\/or attachment of materials for decoration or similar is not permitted in the vacation apartment.<br \/>\nThe guest is solely liable for any decorations or the like that are nevertheless installed and\/or attached.<br \/>\nalone.<br \/>\nThe guest is also obliged to compensate for any damage caused by the installation or attachment of decorations or similar.     <\/li>\n<li>The K\u00f6ppel family has the right of access to the vacation apartment at any time, especially in the event of imminent danger.<br \/>\nWhen exercising the right of access, due consideration must be given to the guest&#8217;s legitimate interests.<br \/>\nWe will inform the guest in advance about the exercise of the right of access, unless this is unreasonable or impossible in the circumstances of the individual case.  <\/li>\n<\/ul>\n<ul>\n<li>When using the terrace or the garden around the terrace, the &#8220;Terrace Rules&#8221;, which are displayed on the door, must be followed.<\/li>\n<\/ul>\n<ul>\n<li><strong>  13 Place of jurisdiction<\/strong><\/li>\n<li>The district court of Muri is responsible for any disputes arising from the contractual relationship.<\/li>\n<\/ul>\n<\/div><\/div><\/div><\/div><\/div>\n","protected":false},"excerpt":{"rendered":"","protected":false},"author":1,"featured_media":0,"parent":0,"menu_order":0,"comment_status":"closed","ping_status":"closed","template":"100-width.php","meta":{"footnotes":""},"class_list":["post-1726","page","type-page","status-publish","hentry"],"yoast_head":"<!-- This site is optimized with the Yoast SEO plugin v27.5 - https:\/\/yoast.com\/product\/yoast-seo-wordpress\/ -->\n<title>General Terms and Conditions - Ferienwohnung Oberr\u00fcti<\/title>\n<meta name=\"robots\" content=\"index, follow, max-snippet:-1, max-image-preview:large, max-video-preview:-1\" \/>\n<link rel=\"canonical\" href=\"https:\/\/ferienwohnung-oberrueti.ch\/en\/general-terms-and-conditions\/\" \/>\n<meta property=\"og:locale\" content=\"en_US\" \/>\n<meta property=\"og:type\" content=\"article\" \/>\n<meta property=\"og:title\" content=\"General Terms and Conditions - Ferienwohnung Oberr\u00fcti\" \/>\n<meta property=\"og:url\" content=\"https:\/\/ferienwohnung-oberrueti.ch\/en\/general-terms-and-conditions\/\" \/>\n<meta property=\"og:site_name\" content=\"Ferienwohnung Oberr\u00fcti\" \/>\n<meta property=\"article:modified_time\" content=\"2024-09-13T12:36:06+00:00\" \/>\n<meta name=\"twitter:card\" content=\"summary_large_image\" \/>\n<meta name=\"twitter:label1\" content=\"Est. reading time\" \/>\n\t<meta name=\"twitter:data1\" content=\"10 minutes\" \/>\n<script type=\"application\/ld+json\" class=\"yoast-schema-graph\">{\"@context\":\"https:\\\/\\\/schema.org\",\"@graph\":[{\"@type\":\"WebPage\",\"@id\":\"https:\\\/\\\/ferienwohnung-oberrueti.ch\\\/en\\\/general-terms-and-conditions\\\/\",\"url\":\"https:\\\/\\\/ferienwohnung-oberrueti.ch\\\/en\\\/general-terms-and-conditions\\\/\",\"name\":\"General Terms and Conditions - Ferienwohnung Oberr\u00fcti\",\"isPartOf\":{\"@id\":\"https:\\\/\\\/ferienwohnung-oberrueti.ch\\\/en\\\/#website\"},\"datePublished\":\"2024-08-23T08:25:53+00:00\",\"dateModified\":\"2024-09-13T12:36:06+00:00\",\"breadcrumb\":{\"@id\":\"https:\\\/\\\/ferienwohnung-oberrueti.ch\\\/en\\\/general-terms-and-conditions\\\/#breadcrumb\"},\"inLanguage\":\"en-US\",\"potentialAction\":[{\"@type\":\"ReadAction\",\"target\":[\"https:\\\/\\\/ferienwohnung-oberrueti.ch\\\/en\\\/general-terms-and-conditions\\\/\"]}]},{\"@type\":\"BreadcrumbList\",\"@id\":\"https:\\\/\\\/ferienwohnung-oberrueti.ch\\\/en\\\/general-terms-and-conditions\\\/#breadcrumb\",\"itemListElement\":[{\"@type\":\"ListItem\",\"position\":1,\"name\":\"Startseite\",\"item\":\"https:\\\/\\\/ferienwohnung-oberrueti.ch\\\/en\\\/home\\\/\"},{\"@type\":\"ListItem\",\"position\":2,\"name\":\"General Terms and Conditions\"}]},{\"@type\":\"WebSite\",\"@id\":\"https:\\\/\\\/ferienwohnung-oberrueti.ch\\\/en\\\/#website\",\"url\":\"https:\\\/\\\/ferienwohnung-oberrueti.ch\\\/en\\\/\",\"name\":\"Ferienwohnung Oberr\u00fcti\",\"description\":\"\",\"publisher\":{\"@id\":\"https:\\\/\\\/ferienwohnung-oberrueti.ch\\\/en\\\/#organization\"},\"potentialAction\":[{\"@type\":\"SearchAction\",\"target\":{\"@type\":\"EntryPoint\",\"urlTemplate\":\"https:\\\/\\\/ferienwohnung-oberrueti.ch\\\/en\\\/?s={search_term_string}\"},\"query-input\":{\"@type\":\"PropertyValueSpecification\",\"valueRequired\":true,\"valueName\":\"search_term_string\"}}],\"inLanguage\":\"en-US\"},{\"@type\":\"Organization\",\"@id\":\"https:\\\/\\\/ferienwohnung-oberrueti.ch\\\/en\\\/#organization\",\"name\":\"Ferienwohnung Oberr\u00fcti\",\"url\":\"https:\\\/\\\/ferienwohnung-oberrueti.ch\\\/en\\\/\",\"logo\":{\"@type\":\"ImageObject\",\"inLanguage\":\"en-US\",\"@id\":\"https:\\\/\\\/ferienwohnung-oberrueti.ch\\\/en\\\/#\\\/schema\\\/logo\\\/image\\\/\",\"url\":\"https:\\\/\\\/ferienwohnung-oberrueti.ch\\\/wp-content\\\/uploads\\\/2024\\\/06\\\/logo.png\",\"contentUrl\":\"https:\\\/\\\/ferienwohnung-oberrueti.ch\\\/wp-content\\\/uploads\\\/2024\\\/06\\\/logo.png\",\"width\":1851,\"height\":592,\"caption\":\"Ferienwohnung Oberr\u00fcti\"},\"image\":{\"@id\":\"https:\\\/\\\/ferienwohnung-oberrueti.ch\\\/en\\\/#\\\/schema\\\/logo\\\/image\\\/\"}}]}<\/script>\n<!-- \/ Yoast SEO plugin. -->","yoast_head_json":{"title":"General Terms and Conditions - Ferienwohnung Oberr\u00fcti","robots":{"index":"index","follow":"follow","max-snippet":"max-snippet:-1","max-image-preview":"max-image-preview:large","max-video-preview":"max-video-preview:-1"},"canonical":"https:\/\/ferienwohnung-oberrueti.ch\/en\/general-terms-and-conditions\/","og_locale":"en_US","og_type":"article","og_title":"General Terms and Conditions - Ferienwohnung Oberr\u00fcti","og_url":"https:\/\/ferienwohnung-oberrueti.ch\/en\/general-terms-and-conditions\/","og_site_name":"Ferienwohnung Oberr\u00fcti","article_modified_time":"2024-09-13T12:36:06+00:00","twitter_card":"summary_large_image","twitter_misc":{"Est. reading time":"10 minutes"},"schema":{"@context":"https:\/\/schema.org","@graph":[{"@type":"WebPage","@id":"https:\/\/ferienwohnung-oberrueti.ch\/en\/general-terms-and-conditions\/","url":"https:\/\/ferienwohnung-oberrueti.ch\/en\/general-terms-and-conditions\/","name":"General Terms and Conditions - Ferienwohnung Oberr\u00fcti","isPartOf":{"@id":"https:\/\/ferienwohnung-oberrueti.ch\/en\/#website"},"datePublished":"2024-08-23T08:25:53+00:00","dateModified":"2024-09-13T12:36:06+00:00","breadcrumb":{"@id":"https:\/\/ferienwohnung-oberrueti.ch\/en\/general-terms-and-conditions\/#breadcrumb"},"inLanguage":"en-US","potentialAction":[{"@type":"ReadAction","target":["https:\/\/ferienwohnung-oberrueti.ch\/en\/general-terms-and-conditions\/"]}]},{"@type":"BreadcrumbList","@id":"https:\/\/ferienwohnung-oberrueti.ch\/en\/general-terms-and-conditions\/#breadcrumb","itemListElement":[{"@type":"ListItem","position":1,"name":"Startseite","item":"https:\/\/ferienwohnung-oberrueti.ch\/en\/home\/"},{"@type":"ListItem","position":2,"name":"General Terms and Conditions"}]},{"@type":"WebSite","@id":"https:\/\/ferienwohnung-oberrueti.ch\/en\/#website","url":"https:\/\/ferienwohnung-oberrueti.ch\/en\/","name":"Ferienwohnung Oberr\u00fcti","description":"","publisher":{"@id":"https:\/\/ferienwohnung-oberrueti.ch\/en\/#organization"},"potentialAction":[{"@type":"SearchAction","target":{"@type":"EntryPoint","urlTemplate":"https:\/\/ferienwohnung-oberrueti.ch\/en\/?s={search_term_string}"},"query-input":{"@type":"PropertyValueSpecification","valueRequired":true,"valueName":"search_term_string"}}],"inLanguage":"en-US"},{"@type":"Organization","@id":"https:\/\/ferienwohnung-oberrueti.ch\/en\/#organization","name":"Ferienwohnung Oberr\u00fcti","url":"https:\/\/ferienwohnung-oberrueti.ch\/en\/","logo":{"@type":"ImageObject","inLanguage":"en-US","@id":"https:\/\/ferienwohnung-oberrueti.ch\/en\/#\/schema\/logo\/image\/","url":"https:\/\/ferienwohnung-oberrueti.ch\/wp-content\/uploads\/2024\/06\/logo.png","contentUrl":"https:\/\/ferienwohnung-oberrueti.ch\/wp-content\/uploads\/2024\/06\/logo.png","width":1851,"height":592,"caption":"Ferienwohnung Oberr\u00fcti"},"image":{"@id":"https:\/\/ferienwohnung-oberrueti.ch\/en\/#\/schema\/logo\/image\/"}}]}},"_links":{"self":[{"href":"https:\/\/ferienwohnung-oberrueti.ch\/en\/wp-json\/wp\/v2\/pages\/1726","targetHints":{"allow":["GET"]}}],"collection":[{"href":"https:\/\/ferienwohnung-oberrueti.ch\/en\/wp-json\/wp\/v2\/pages"}],"about":[{"href":"https:\/\/ferienwohnung-oberrueti.ch\/en\/wp-json\/wp\/v2\/types\/page"}],"author":[{"embeddable":true,"href":"https:\/\/ferienwohnung-oberrueti.ch\/en\/wp-json\/wp\/v2\/users\/1"}],"replies":[{"embeddable":true,"href":"https:\/\/ferienwohnung-oberrueti.ch\/en\/wp-json\/wp\/v2\/comments?post=1726"}],"version-history":[{"count":0,"href":"https:\/\/ferienwohnung-oberrueti.ch\/en\/wp-json\/wp\/v2\/pages\/1726\/revisions"}],"wp:attachment":[{"href":"https:\/\/ferienwohnung-oberrueti.ch\/en\/wp-json\/wp\/v2\/media?parent=1726"}],"curies":[{"name":"wp","href":"https:\/\/api.w.org\/{rel}","templated":true}]}}